{"id":465,"date":"2025-04-14T20:31:58","date_gmt":"2025-04-14T18:31:58","guid":{"rendered":"https:\/\/kulik.clinic\/ueber-die-klinik\/"},"modified":"2025-06-01T16:57:53","modified_gmt":"2025-06-01T14:57:53","slug":"about","status":"publish","type":"page","link":"https:\/\/kulik.clinic\/de\/about\/","title":{"rendered":"\u00dcber die Klinik"},"content":{"rendered":"<p>Jewgeni Kulik \u2013 verf\u00fcgt \u00fcber zahlreiche Ausbildungsabschl\u00fcsse in Manueller Therapie, Chropraktik und Osteopathie, unter anderem unter der Schirmherrschaft der Polnischen Gesellschaft f\u00fcr Manuelle Medizin und im Ausland, z. B. bei Professor Karel Levitt aus der Tschechischen Republik. Er absolvierte die Ausbildung in Manueller Therapie und Extrasensorik in Kiew.<\/p>\n<p>Sein j\u00fcngster Erfolg ist die Erlangung des Titels \u201eMEISTER DER CHIROPRAKTIK\u201c am Ackerman-Institut in Schweden. Er absolvierte eine praktische Ausbildung in chinesischer und koreanischer Medizin.<\/p>\n<p>Er absolvierte eine Ausbildung bei der Kiewer Vereinigung der Bioenergotherapeuten, wodurch er Wirbels\u00e4ulenbeschwerden mit seinen H\u00e4nden ertasten kann. Seine Erfahrungen im Ringen und orientalischen Kampfsport (Akidjitsu und Sambo) erweisen sich ebenfalls als hilfreich \u2013 ein ideales Gesp\u00fcr f\u00fcr die M\u00f6glichkeit, Gelenk- und Muskelentspannungen zu l\u00f6sen.<\/p>\n<p>Nahkampfausbilder (Diplom der Akademie f\u00fcr Leibeserziehung in Kiew). Dank seines umfassenden Wissens und seiner Erfahrung kann Jewgeni Kulik die Krankheitsursache pr\u00e4zise bestimmen und beheben. Im Laufe seiner langj\u00e4hrigen Praxis hat er die F\u00e4higkeit perfektioniert, Schmerzen unterschiedlicher Ursache sofort zu lindern.<\/p>\n<p>Ischias, Kopf- und Bauchschmerzen, Schmerzen im Brustbein, Hexenschuss oder andere vaskul\u00e4re und motorische Schmerzsyndrome sind f\u00fcr ihn kein Geheimnis. Zun\u00e4chst untersucht er sorgf\u00e4ltig die R\u00f6ntgenbilder und die Figur des Patienten. Jeder Mensch weist Haltungssch\u00e4den auf, mehr oder weniger stark. Diese h\u00e4ngen von Alter, Lebensstil und Beruf ab.<\/p>\n","protected":false},"excerpt":{"rendered":"<p>Jewgeni Kulik \u2013 verf\u00fcgt \u00fcber zahlreiche Ausbildungsabschl\u00fcsse in Manueller Therapie, Chropraktik und Osteopathie, unter anderem unter der Schirmherrschaft der Polnischen Gesellschaft f\u00fcr Manuelle Medizin und im Ausland, z. B. bei Professor Karel Levitt aus der Tschechischen Republik. Er absolvierte die Ausbildung in Manueller Therapie und Extrasensorik in Kiew. Sein j\u00fcngster Erfolg ist die Erlangung des [&hellip;]<\/p>\n","protected":false},"author":1,"featured_media":150,"parent":0,"menu_order":0,"comment_status":"closed","ping_status":"closed","template":"page_about.php","meta":{"_acf_changed":false,"inline_featured_image":false,"footnotes":""},"class_list":["post-465","page","type-page","status-publish","has-post-thumbnail","hentry"],"acf":[],"yoast_head":"<!-- This site is optimized with the Yoast SEO plugin v25.2 - https:\/\/yoast.com\/wordpress\/plugins\/seo\/ -->\n<title>\u00dcber die Klinik - KULIK KLINIK | Praxis f\u00fcr manuelle Therapie<\/title>\n<meta name=\"robots\" content=\"index, follow, max-snippet:-1, max-image-preview:large, max-video-preview:-1\" \/>\n<link rel=\"canonical\" href=\"https:\/\/kulik.clinic\/de\/about\/\" \/>\n<meta property=\"og:locale\" content=\"de_DE\" \/>\n<meta property=\"og:type\" content=\"article\" \/>\n<meta property=\"og:title\" content=\"\u00dcber die Klinik - KULIK KLINIK | Praxis f\u00fcr manuelle Therapie\" \/>\n<meta property=\"og:description\" content=\"Jewgeni Kulik \u2013 verf\u00fcgt \u00fcber zahlreiche Ausbildungsabschl\u00fcsse in Manueller Therapie, Chropraktik und Osteopathie, unter anderem unter der Schirmherrschaft der Polnischen Gesellschaft f\u00fcr Manuelle Medizin und im Ausland, z. B. bei Professor Karel Levitt aus der Tschechischen Republik. Er absolvierte die Ausbildung in Manueller Therapie und Extrasensorik in Kiew. Sein j\u00fcngster Erfolg ist die Erlangung des [&hellip;]\" \/>\n<meta property=\"og:url\" content=\"https:\/\/kulik.clinic\/de\/about\/\" \/>\n<meta property=\"og:site_name\" content=\"KULIK KLINIK | Praxis f\u00fcr manuelle Therapie\" \/>\n<meta property=\"article:modified_time\" content=\"2025-06-01T14:57:53+00:00\" \/>\n<meta property=\"og:image\" content=\"https:\/\/kulik.clinic\/wp-content\/uploads\/2025\/04\/IMG_7918.jpg\" \/>\n\t<meta property=\"og:image:width\" content=\"1440\" \/>\n\t<meta property=\"og:image:height\" content=\"1629\" \/>\n\t<meta property=\"og:image:type\" content=\"image\/jpeg\" \/>\n<meta name=\"twitter:card\" content=\"summary_large_image\" \/>\n<meta name=\"twitter:label1\" content=\"Gesch\u00e4tzte Lesezeit\" \/>\n\t<meta name=\"twitter:data1\" content=\"2\u00a0Minuten\" \/>\n<script type=\"application\/ld+json\" class=\"yoast-schema-graph\">{\"@context\":\"https:\/\/schema.org\",\"@graph\":[{\"@type\":\"WebPage\",\"@id\":\"https:\/\/kulik.clinic\/de\/about\/\",\"url\":\"https:\/\/kulik.clinic\/de\/about\/\",\"name\":\"\u00dcber die Klinik - KULIK KLINIK | Praxis f\u00fcr manuelle Therapie\",\"isPartOf\":{\"@id\":\"https:\/\/kulik.clinic\/#website\"},\"primaryImageOfPage\":{\"@id\":\"https:\/\/kulik.clinic\/de\/about\/#primaryimage\"},\"image\":{\"@id\":\"https:\/\/kulik.clinic\/de\/about\/#primaryimage\"},\"thumbnailUrl\":\"https:\/\/kulik.clinic\/wp-content\/uploads\/2025\/04\/IMG_7918.jpg\",\"datePublished\":\"2025-04-14T18:31:58+00:00\",\"dateModified\":\"2025-06-01T14:57:53+00:00\",\"breadcrumb\":{\"@id\":\"https:\/\/kulik.clinic\/de\/about\/#breadcrumb\"},\"inLanguage\":\"de\",\"potentialAction\":[{\"@type\":\"ReadAction\",\"target\":[\"https:\/\/kulik.clinic\/de\/about\/\"]}]},{\"@type\":\"ImageObject\",\"inLanguage\":\"de\",\"@id\":\"https:\/\/kulik.clinic\/de\/about\/#primaryimage\",\"url\":\"https:\/\/kulik.clinic\/wp-content\/uploads\/2025\/04\/IMG_7918.jpg\",\"contentUrl\":\"https:\/\/kulik.clinic\/wp-content\/uploads\/2025\/04\/IMG_7918.jpg\",\"width\":1440,\"height\":1629},{\"@type\":\"BreadcrumbList\",\"@id\":\"https:\/\/kulik.clinic\/de\/about\/#breadcrumb\",\"itemListElement\":[{\"@type\":\"ListItem\",\"position\":1,\"name\":\"Startseite\",\"item\":\"https:\/\/kulik.clinic\/de\/\"},{\"@type\":\"ListItem\",\"position\":2,\"name\":\"\u00dcber die Klinik\"}]},{\"@type\":\"WebSite\",\"@id\":\"https:\/\/kulik.clinic\/#website\",\"url\":\"https:\/\/kulik.clinic\/\",\"name\":\"KULIK CLINIC | Gabinet terapii manualnej\",\"description\":\"\",\"publisher\":{\"@id\":\"https:\/\/kulik.clinic\/#organization\"},\"potentialAction\":[{\"@type\":\"SearchAction\",\"target\":{\"@type\":\"EntryPoint\",\"urlTemplate\":\"https:\/\/kulik.clinic\/?s={search_term_string}\"},\"query-input\":{\"@type\":\"PropertyValueSpecification\",\"valueRequired\":true,\"valueName\":\"search_term_string\"}}],\"inLanguage\":\"de\"},{\"@type\":\"Organization\",\"@id\":\"https:\/\/kulik.clinic\/#organization\",\"name\":\"KULIK CLINIC | Gabinet terapii manualnej\",\"url\":\"https:\/\/kulik.clinic\/\",\"logo\":{\"@type\":\"ImageObject\",\"inLanguage\":\"de\",\"@id\":\"https:\/\/kulik.clinic\/#\/schema\/logo\/image\/\",\"url\":\"https:\/\/kulik.clinic\/wp-content\/uploads\/2025\/04\/kulikclinic_logo_web.png\",\"contentUrl\":\"https:\/\/kulik.clinic\/wp-content\/uploads\/2025\/04\/kulikclinic_logo_web.png\",\"width\":500,\"height\":169,\"caption\":\"KULIK CLINIC | Gabinet terapii manualnej\"},\"image\":{\"@id\":\"https:\/\/kulik.clinic\/#\/schema\/logo\/image\/\"}}]}<\/script>\n<!-- \/ Yoast SEO plugin. -->","yoast_head_json":{"title":"\u00dcber die Klinik - KULIK KLINIK | Praxis f\u00fcr manuelle Therapie","robots":{"index":"index","follow":"follow","max-snippet":"max-snippet:-1","max-image-preview":"max-image-preview:large","max-video-preview":"max-video-preview:-1"},"canonical":"https:\/\/kulik.clinic\/de\/about\/","og_locale":"de_DE","og_type":"article","og_title":"\u00dcber die Klinik - KULIK KLINIK | Praxis f\u00fcr manuelle Therapie","og_description":"Jewgeni Kulik \u2013 verf\u00fcgt \u00fcber zahlreiche Ausbildungsabschl\u00fcsse in Manueller Therapie, Chropraktik und Osteopathie, unter anderem unter der Schirmherrschaft der Polnischen Gesellschaft f\u00fcr Manuelle Medizin und im Ausland, z. B. bei Professor Karel Levitt aus der Tschechischen Republik. Er absolvierte die Ausbildung in Manueller Therapie und Extrasensorik in Kiew. Sein j\u00fcngster Erfolg ist die Erlangung des [&hellip;]","og_url":"https:\/\/kulik.clinic\/de\/about\/","og_site_name":"KULIK KLINIK | Praxis f\u00fcr manuelle Therapie","article_modified_time":"2025-06-01T14:57:53+00:00","og_image":[{"width":1440,"height":1629,"url":"https:\/\/kulik.clinic\/wp-content\/uploads\/2025\/04\/IMG_7918.jpg","type":"image\/jpeg"}],"twitter_card":"summary_large_image","twitter_misc":{"Gesch\u00e4tzte Lesezeit":"2\u00a0Minuten"},"schema":{"@context":"https:\/\/schema.org","@graph":[{"@type":"WebPage","@id":"https:\/\/kulik.clinic\/de\/about\/","url":"https:\/\/kulik.clinic\/de\/about\/","name":"\u00dcber die Klinik - KULIK KLINIK | Praxis f\u00fcr manuelle Therapie","isPartOf":{"@id":"https:\/\/kulik.clinic\/#website"},"primaryImageOfPage":{"@id":"https:\/\/kulik.clinic\/de\/about\/#primaryimage"},"image":{"@id":"https:\/\/kulik.clinic\/de\/about\/#primaryimage"},"thumbnailUrl":"https:\/\/kulik.clinic\/wp-content\/uploads\/2025\/04\/IMG_7918.jpg","datePublished":"2025-04-14T18:31:58+00:00","dateModified":"2025-06-01T14:57:53+00:00","breadcrumb":{"@id":"https:\/\/kulik.clinic\/de\/about\/#breadcrumb"},"inLanguage":"de","potentialAction":[{"@type":"ReadAction","target":["https:\/\/kulik.clinic\/de\/about\/"]}]},{"@type":"ImageObject","inLanguage":"de","@id":"https:\/\/kulik.clinic\/de\/about\/#primaryimage","url":"https:\/\/kulik.clinic\/wp-content\/uploads\/2025\/04\/IMG_7918.jpg","contentUrl":"https:\/\/kulik.clinic\/wp-content\/uploads\/2025\/04\/IMG_7918.jpg","width":1440,"height":1629},{"@type":"BreadcrumbList","@id":"https:\/\/kulik.clinic\/de\/about\/#breadcrumb","itemListElement":[{"@type":"ListItem","position":1,"name":"Startseite","item":"https:\/\/kulik.clinic\/de\/"},{"@type":"ListItem","position":2,"name":"\u00dcber die Klinik"}]},{"@type":"WebSite","@id":"https:\/\/kulik.clinic\/#website","url":"https:\/\/kulik.clinic\/","name":"KULIK CLINIC | Gabinet terapii manualnej","description":"","publisher":{"@id":"https:\/\/kulik.clinic\/#organization"},"potentialAction":[{"@type":"SearchAction","target":{"@type":"EntryPoint","urlTemplate":"https:\/\/kulik.clinic\/?s={search_term_string}"},"query-input":{"@type":"PropertyValueSpecification","valueRequired":true,"valueName":"search_term_string"}}],"inLanguage":"de"},{"@type":"Organization","@id":"https:\/\/kulik.clinic\/#organization","name":"KULIK CLINIC | Gabinet terapii manualnej","url":"https:\/\/kulik.clinic\/","logo":{"@type":"ImageObject","inLanguage":"de","@id":"https:\/\/kulik.clinic\/#\/schema\/logo\/image\/","url":"https:\/\/kulik.clinic\/wp-content\/uploads\/2025\/04\/kulikclinic_logo_web.png","contentUrl":"https:\/\/kulik.clinic\/wp-content\/uploads\/2025\/04\/kulikclinic_logo_web.png","width":500,"height":169,"caption":"KULIK CLINIC | Gabinet terapii manualnej"},"image":{"@id":"https:\/\/kulik.clinic\/#\/schema\/logo\/image\/"}}]}},"_links":{"self":[{"href":"https:\/\/kulik.clinic\/de\/wp-json\/wp\/v2\/pages\/465","targetHints":{"allow":["GET"]}}],"collection":[{"href":"https:\/\/kulik.clinic\/de\/wp-json\/wp\/v2\/pages"}],"about":[{"href":"https:\/\/kulik.clinic\/de\/wp-json\/wp\/v2\/types\/page"}],"author":[{"embeddable":true,"href":"https:\/\/kulik.clinic\/de\/wp-json\/wp\/v2\/users\/1"}],"replies":[{"embeddable":true,"href":"https:\/\/kulik.clinic\/de\/wp-json\/wp\/v2\/comments?post=465"}],"version-history":[{"count":1,"href":"https:\/\/kulik.clinic\/de\/wp-json\/wp\/v2\/pages\/465\/revisions"}],"predecessor-version":[{"id":474,"href":"https:\/\/kulik.clinic\/de\/wp-json\/wp\/v2\/pages\/465\/revisions\/474"}],"wp:featuredmedia":[{"embeddable":true,"href":"https:\/\/kulik.clinic\/de\/wp-json\/wp\/v2\/media\/150"}],"wp:attachment":[{"href":"https:\/\/kulik.clinic\/de\/wp-json\/wp\/v2\/media?parent=465"}],"curies":[{"name":"wp","href":"https:\/\/api.w.org\/{rel}","templated":true}]}}